{"id":568579,"date":"2021-09-22T04:29:41","date_gmt":"2021-09-22T04:29:41","guid":{"rendered":"https:\/\/aukinkochile.com\/web\/producto\/engranajes-caja-52-pz-kaleido\/"},"modified":"2025-04-14T17:36:41","modified_gmt":"2025-04-14T17:36:41","slug":"engranajes-caja-52-pz-kaleido","status":"publish","type":"product","link":"https:\/\/aukinkochile.com\/web\/producto\/engranajes-caja-52-pz-kaleido\/","title":{"rendered":"Engranajes Kaleido 55 pz"},"content":{"rendered":"<p>55 pza. de kaleido 16 piezas blancas cuadradas de base, 6 ruedas grandes, 6 ruedas chicas, 4 ruedas medianas, 22 conexiones de ruedas y 1 manilla para darles movimiento. Proporciona horas de gran diversi\u00f3n al tiempo que introduce a los ni\u00f1os a algunos de los principios b\u00e1sicos de la mec\u00e1nica. Probar todas las combinaciones posibles para hacer una base con las placas de enclavamiento, y luego insertar ejes y conectar engranajes de modo de hacerlos girar al mismo tiempo. Por ultimo, gire la manivela para iniciar una reacci\u00f3n en cadena espectacular y ver los bellos efectos visuales. Cada equipo esta decorado con un dise\u00f1o diferente que estimula la percepci\u00f3n del color y la creatividad. de pl\u00e1stico resistente, lavable y seguro. Rueda grande 12,5 cm di\u00e1metro x 1 cm, piezas de base blancas 9 x 9 x 1,5 cm c\/u.<\/p>\n<p><p><strong>Material : <\/strong> Pl\u00e1stico<\/p>\n<p><strong>C\u00f3digo Aukinko : <\/strong> 07-52341<\/p>\n<p><strong>C\u00f3digo Convenio Marco : <\/strong> <\/p>\n","protected":false},"excerpt":{"rendered":"<p>55 pza. de kaleido 16 piezas blancas cuadradas de base, 6 ruedas grandes, 6 ruedas chicas, 4 ruedas medianas, 22 conexiones de ruedas y 1 manilla para darles movimiento. Proporciona horas de gran diversi\u00f3n al tiempo que introduce a los ni\u00f1os a algunos de los principios b\u00e1sicos de la mec\u00e1nica. Probar todas las combinaciones posibles [&hellip;]<\/p>\n","protected":false},"featured_media":626451,"comment_status":"open","ping_status":"closed","template":"","meta":{"_et_pb_use_builder":"","_et_pb_old_content":"","_et_gb_content_width":""},"product_brand":[],"product_cat":[91,19,20],"product_tag":[],"class_list":{"0":"post-568579","1":"product","2":"type-product","3":"status-publish","4":"has-post-thumbnail","6":"product_cat-accesorios-sala","7":"product_cat-construccion","8":"product_cat-motricidad-fina","9":"pa_edad-3-a-4-anos","10":"pa_edad-4-a-5-anos","11":"pa_edad-5-a-6-anos","12":"pa_marca-quercetti","13":"pa_medidas-33-x-29-x-7-cm","15":"first","16":"instock","17":"shipping-taxable","18":"purchasable","19":"product-type-simple"},"aioseo_notices":[],"_links":{"self":[{"href":"https:\/\/aukinkochile.com\/web\/wp-json\/wp\/v2\/product\/568579","targetHints":{"allow":["GET"]}}],"collection":[{"href":"https:\/\/aukinkochile.com\/web\/wp-json\/wp\/v2\/product"}],"about":[{"href":"https:\/\/aukinkochile.com\/web\/wp-json\/wp\/v2\/types\/product"}],"replies":[{"embeddable":true,"href":"https:\/\/aukinkochile.com\/web\/wp-json\/wp\/v2\/comments?post=568579"}],"wp:featuredmedia":[{"embeddable":true,"href":"https:\/\/aukinkochile.com\/web\/wp-json\/wp\/v2\/media\/626451"}],"wp:attachment":[{"href":"https:\/\/aukinkochile.com\/web\/wp-json\/wp\/v2\/media?parent=568579"}],"wp:term":[{"taxonomy":"product_brand","embeddable":true,"href":"https:\/\/aukinkochile.com\/web\/wp-json\/wp\/v2\/product_brand?post=568579"},{"taxonomy":"product_cat","embeddable":true,"href":"https:\/\/aukinkochile.com\/web\/wp-json\/wp\/v2\/product_cat?post=568579"},{"taxonomy":"product_tag","embeddable":true,"href":"https:\/\/aukinkochile.com\/web\/wp-json\/wp\/v2\/product_tag?post=568579"}],"curies":[{"name":"wp","href":"https:\/\/api.w.org\/{rel}","templated":true}]}}