{"id":568559,"date":"2021-09-22T04:29:38","date_gmt":"2021-09-22T04:29:38","guid":{"rendered":"https:\/\/aukinkochile.com\/web\/producto\/juego-pallino-code\/"},"modified":"2025-04-14T17:36:29","modified_gmt":"2025-04-14T17:36:29","slug":"juego-pallino-code","status":"publish","type":"product","link":"https:\/\/aukinkochile.com\/web\/producto\/juego-pallino-code\/","title":{"rendered":"Juego Pallino Code"},"content":{"rendered":"<p>El juego Pallino ahora es para codificaci\u00f3n. El popular juego cl\u00e1sico con mosaicos formados por bolas de colores se ha convertido en una herramienta \u00fatil para introducir a los ni\u00f1os peque\u00f1os en el \u00abpensamiento computacional\u00bb y la codificaci\u00f3n \u00abdesconectada\u00bb. El pensamiento computacional implica la capacidad de dividir un problema complejo en diferentes partes para que sea m\u00e1s f\u00e1cil de resolver. La codificaci\u00f3n desconectada ense\u00f1a los principios de la programaci\u00f3n sin utilizar dispositivos electr\u00f3nicos. El juguete tiene dos modos de juego. El primero consiste en componer mosaicos siguiendo los diagramas del lado ilustrado de las tarjetas. El segundo implica componer mosaicos siguiendo el algoritmo en el lado de \u00abcodificaci\u00f3n\u00bb de las tarjetas.<\/p>\n<p><p><strong>Material : <\/strong> Pl\u00e1stico<\/p>\n<p><strong>C\u00f3digo Aukinko : <\/strong> 07-51021<\/p>\n<p><strong>C\u00f3digo Convenio Marco : <\/strong> <\/p>\n","protected":false},"excerpt":{"rendered":"<p>El juego Pallino ahora es para codificaci\u00f3n. El popular juego cl\u00e1sico con mosaicos formados por bolas de colores se ha convertido en una herramienta \u00fatil para introducir a los ni\u00f1os peque\u00f1os en el \u00abpensamiento computacional\u00bb y la codificaci\u00f3n \u00abdesconectada\u00bb. El pensamiento computacional implica la capacidad de dividir un problema complejo en diferentes partes para que [&hellip;]<\/p>\n","protected":false},"featured_media":626441,"comment_status":"open","ping_status":"closed","template":"","meta":{"_et_pb_use_builder":"","_et_pb_old_content":"","_et_gb_content_width":""},"product_brand":[],"product_cat":[149,20],"product_tag":[],"class_list":{"0":"post-568559","1":"product","2":"type-product","3":"status-publish","4":"has-post-thumbnail","6":"product_cat-juegos-de-mesa","7":"product_cat-motricidad-fina","8":"pa_edad-10-anos","9":"pa_edad-6-a-8-anos","10":"pa_edad-8-a-10-anos","11":"pa_marca-quercetti","12":"pa_medidas-17-x-3-x-14-cm","14":"first","15":"instock","16":"shipping-taxable","17":"purchasable","18":"product-type-simple"},"aioseo_notices":[],"_links":{"self":[{"href":"https:\/\/aukinkochile.com\/web\/wp-json\/wp\/v2\/product\/568559","targetHints":{"allow":["GET"]}}],"collection":[{"href":"https:\/\/aukinkochile.com\/web\/wp-json\/wp\/v2\/product"}],"about":[{"href":"https:\/\/aukinkochile.com\/web\/wp-json\/wp\/v2\/types\/product"}],"replies":[{"embeddable":true,"href":"https:\/\/aukinkochile.com\/web\/wp-json\/wp\/v2\/comments?post=568559"}],"wp:featuredmedia":[{"embeddable":true,"href":"https:\/\/aukinkochile.com\/web\/wp-json\/wp\/v2\/media\/626441"}],"wp:attachment":[{"href":"https:\/\/aukinkochile.com\/web\/wp-json\/wp\/v2\/media?parent=568559"}],"wp:term":[{"taxonomy":"product_brand","embeddable":true,"href":"https:\/\/aukinkochile.com\/web\/wp-json\/wp\/v2\/product_brand?post=568559"},{"taxonomy":"product_cat","embeddable":true,"href":"https:\/\/aukinkochile.com\/web\/wp-json\/wp\/v2\/product_cat?post=568559"},{"taxonomy":"product_tag","embeddable":true,"href":"https:\/\/aukinkochile.com\/web\/wp-json\/wp\/v2\/product_tag?post=568559"}],"curies":[{"name":"wp","href":"https:\/\/api.w.org\/{rel}","templated":true}]}}