{"id":568527,"date":"2021-09-22T04:29:32","date_gmt":"2021-09-22T04:29:32","guid":{"rendered":"https:\/\/aukinkochile.com\/web\/producto\/enlazar-dibujar-con-cordones-filo\/"},"modified":"2025-04-14T17:35:54","modified_gmt":"2025-04-14T17:35:54","slug":"enlazar-dibujar-con-cordones-filo","status":"publish","type":"product","link":"https:\/\/aukinkochile.com\/web\/producto\/enlazar-dibujar-con-cordones-filo\/","title":{"rendered":"Enlazar Dibujar con Cordones Filo"},"content":{"rendered":"<p>Plantilla para bordar con cordones. Todo lo que se necesita es deslizar un cord\u00f3n en el bol\u00edgrafo especial y presionar las ranuras de cierre autom\u00e1tico de el tablero, y as\u00ed empezar a trazar los dise\u00f1os en cadena. De pl\u00e1stico resistente y colores atractivos. Incluye 8 cordones, 4 tubos bol\u00edgrafos, 9 plantillas de dise\u00f1o reversibles y base pl\u00e1stica para la plantilla.<\/p>\n<p><p><strong>Material : <\/strong> Pl\u00e1stico y Cordel<\/p>\n<p><strong>C\u00f3digo Aukinko : <\/strong> 07-50570<\/p>\n<p><strong>C\u00f3digo Convenio Marco : <\/strong> <\/p>\n","protected":false},"excerpt":{"rendered":"<p>Plantilla para bordar con cordones. Todo lo que se necesita es deslizar un cord\u00f3n en el bol\u00edgrafo especial y presionar las ranuras de cierre autom\u00e1tico de el tablero, y as\u00ed empezar a trazar los dise\u00f1os en cadena. De pl\u00e1stico resistente y colores atractivos. Incluye 8 cordones, 4 tubos bol\u00edgrafos, 9 plantillas de dise\u00f1o reversibles y [&hellip;]<\/p>\n","protected":false},"featured_media":626424,"comment_status":"open","ping_status":"closed","template":"","meta":{"_et_pb_use_builder":"","_et_pb_old_content":"","_et_gb_content_width":""},"product_brand":[],"product_cat":[21,20],"product_tag":[],"class_list":{"0":"post-568527","1":"product","2":"type-product","3":"status-publish","4":"has-post-thumbnail","6":"product_cat-arte-y-manipulacion","7":"product_cat-motricidad-fina","8":"pa_edad-4-a-5-anos","9":"pa_edad-5-a-6-anos","10":"pa_edad-6-a-8-anos","11":"pa_marca-quercetti","12":"pa_medidas-36-x-28-x-6-cm","14":"first","15":"instock","16":"shipping-taxable","17":"purchasable","18":"product-type-simple"},"aioseo_notices":[],"_links":{"self":[{"href":"https:\/\/aukinkochile.com\/web\/wp-json\/wp\/v2\/product\/568527","targetHints":{"allow":["GET"]}}],"collection":[{"href":"https:\/\/aukinkochile.com\/web\/wp-json\/wp\/v2\/product"}],"about":[{"href":"https:\/\/aukinkochile.com\/web\/wp-json\/wp\/v2\/types\/product"}],"replies":[{"embeddable":true,"href":"https:\/\/aukinkochile.com\/web\/wp-json\/wp\/v2\/comments?post=568527"}],"wp:featuredmedia":[{"embeddable":true,"href":"https:\/\/aukinkochile.com\/web\/wp-json\/wp\/v2\/media\/626424"}],"wp:attachment":[{"href":"https:\/\/aukinkochile.com\/web\/wp-json\/wp\/v2\/media?parent=568527"}],"wp:term":[{"taxonomy":"product_brand","embeddable":true,"href":"https:\/\/aukinkochile.com\/web\/wp-json\/wp\/v2\/product_brand?post=568527"},{"taxonomy":"product_cat","embeddable":true,"href":"https:\/\/aukinkochile.com\/web\/wp-json\/wp\/v2\/product_cat?post=568527"},{"taxonomy":"product_tag","embeddable":true,"href":"https:\/\/aukinkochile.com\/web\/wp-json\/wp\/v2\/product_tag?post=568527"}],"curies":[{"name":"wp","href":"https:\/\/api.w.org\/{rel}","templated":true}]}}