{"id":568301,"date":"2021-09-22T04:28:51","date_gmt":"2021-09-22T04:28:51","guid":{"rendered":"https:\/\/aukinkochile.com\/web\/producto\/juego-de-mesa-loto-foto-de-frutas-40-pz\/"},"modified":"2024-11-11T21:11:09","modified_gmt":"2024-11-11T21:11:09","slug":"juego-de-mesa-loto-foto-de-frutas-40-pz","status":"publish","type":"product","link":"https:\/\/aukinkochile.com\/web\/producto\/juego-de-mesa-loto-foto-de-frutas-40-pz\/","title":{"rendered":"Juego de Mesa Loto Foto De Frutas 40 pz"},"content":{"rendered":"<p>El cl\u00e1sico juego del loto, ahora para ni\u00f1os mas peque\u00f1os. Con fotos de frutas reales. 4 tableros reversibles  de 20 cm aprox cada cart\u00f3n tiene 9 fotograf\u00edas, y 36 fichas correspondientes para ese mismo dibujo de 6 cm aprox. De material resistente y atractivo dise\u00f1o. <\/p>\n<p><p><strong>Material : <\/strong> Cart\u00f3n Grueso<\/p>\n<p><strong>C\u00f3digo Aukinko : <\/strong> 05-768943<\/p>\n<p><strong>C\u00f3digo Convenio Marco : <\/strong> x<\/p>\n","protected":false},"excerpt":{"rendered":"<p>El cl\u00e1sico juego del loto, ahora para ni\u00f1os mas peque\u00f1os. Con fotos de frutas reales. 4 tableros reversibles de 20 cm aprox cada cart\u00f3n tiene 9 fotograf\u00edas, y 36 fichas correspondientes para ese mismo dibujo de 6 cm aprox. De material resistente y atractivo dise\u00f1o. Material : Cart\u00f3n Grueso C\u00f3digo Aukinko : 05-768943 C\u00f3digo Convenio [&hellip;]<\/p>\n","protected":false},"featured_media":623538,"comment_status":"open","ping_status":"closed","template":"","meta":{"_et_pb_use_builder":"","_et_pb_old_content":"","_et_gb_content_width":""},"product_brand":[],"product_cat":[91,150,149],"product_tag":[],"class_list":{"0":"post-568301","1":"product","2":"type-product","3":"status-publish","4":"has-post-thumbnail","6":"product_cat-accesorios-sala","7":"product_cat-asociacion-y-logica","8":"product_cat-juegos-de-mesa","9":"pa_edad-3-a-4-anos","10":"pa_edad-4-a-5-anos","11":"pa_edad-5-a-6-anos","12":"pa_edad-6-a-8-anos","13":"pa_marca-diset","14":"pa_medidas-20-x-27","15":"pa_medidas-3-cm-caja","16":"pa_medidas-7-x-5","18":"first","19":"instock","20":"shipping-taxable","21":"purchasable","22":"product-type-simple"},"aioseo_notices":[],"_links":{"self":[{"href":"https:\/\/aukinkochile.com\/web\/wp-json\/wp\/v2\/product\/568301","targetHints":{"allow":["GET"]}}],"collection":[{"href":"https:\/\/aukinkochile.com\/web\/wp-json\/wp\/v2\/product"}],"about":[{"href":"https:\/\/aukinkochile.com\/web\/wp-json\/wp\/v2\/types\/product"}],"replies":[{"embeddable":true,"href":"https:\/\/aukinkochile.com\/web\/wp-json\/wp\/v2\/comments?post=568301"}],"wp:featuredmedia":[{"embeddable":true,"href":"https:\/\/aukinkochile.com\/web\/wp-json\/wp\/v2\/media\/623538"}],"wp:attachment":[{"href":"https:\/\/aukinkochile.com\/web\/wp-json\/wp\/v2\/media?parent=568301"}],"wp:term":[{"taxonomy":"product_brand","embeddable":true,"href":"https:\/\/aukinkochile.com\/web\/wp-json\/wp\/v2\/product_brand?post=568301"},{"taxonomy":"product_cat","embeddable":true,"href":"https:\/\/aukinkochile.com\/web\/wp-json\/wp\/v2\/product_cat?post=568301"},{"taxonomy":"product_tag","embeddable":true,"href":"https:\/\/aukinkochile.com\/web\/wp-json\/wp\/v2\/product_tag?post=568301"}],"curies":[{"name":"wp","href":"https:\/\/api.w.org\/{rel}","templated":true}]}}