{"id":568285,"date":"2021-09-22T04:28:47","date_gmt":"2021-09-22T04:28:47","guid":{"rendered":"https:\/\/aukinkochile.com\/web\/producto\/silla-muneca-de-viaje-valeria\/"},"modified":"2024-11-11T21:10:55","modified_gmt":"2024-11-11T21:10:55","slug":"silla-muneca-de-viaje-valeria","status":"publish","type":"product","link":"https:\/\/aukinkochile.com\/web\/producto\/silla-muneca-de-viaje-valeria\/","title":{"rendered":"Silla Mu\u00f1eca de Viaje Valeria"},"content":{"rendered":"<p>Hermosa silla de viaje para llevar a las mu\u00f1ecas a todas partes. Es plegable y muy pr\u00e1ctica, lo que la hace ideal para mu\u00f1ecas de 36 a 42 cm. Con esta silla, los ni\u00f1os pueden llevar a sus mu\u00f1ecas de paseo de manera c\u00f3moda y divertida, proporcionando un toque de realismo a su juego imaginativo.<\/p>\n<p><p><strong>Material : <\/strong> Pl\u00e1stico y Genero<\/p>\n<p><strong>C\u00f3digo Aukinko : <\/strong> 05-762112<\/p>\n<p><strong>C\u00f3digo Convenio Marco : <\/strong> x<\/p>\n","protected":false},"excerpt":{"rendered":"<p>Hermosa silla de viaje para llevar a las mu\u00f1ecas a todas partes. Es plegable y muy pr\u00e1ctica, lo que la hace ideal para mu\u00f1ecas de 36 a 42 cm. Con esta silla, los ni\u00f1os pueden llevar a sus mu\u00f1ecas de paseo de manera c\u00f3moda y divertida, proporcionando un toque de realismo a su juego imaginativo. [&hellip;]<\/p>\n","protected":false},"featured_media":623519,"comment_status":"open","ping_status":"closed","template":"","meta":{"_et_pb_use_builder":"","_et_pb_old_content":"","_et_gb_content_width":""},"product_brand":[],"product_cat":[17],"product_tag":[],"class_list":{"0":"post-568285","1":"product","2":"type-product","3":"status-publish","4":"has-post-thumbnail","6":"product_cat-juegos-de-rol","7":"pa_edad-2-a-3-anos","8":"pa_edad-3-a-4-anos","9":"pa_edad-4-a-5-anos","10":"pa_edad-5-a-6-anos","11":"pa_edad-6-a-8-anos","12":"pa_marca-diset","13":"pa_medidas-28-x-22-x-20-cm","15":"first","16":"instock","17":"shipping-taxable","18":"purchasable","19":"product-type-simple"},"aioseo_notices":[],"_links":{"self":[{"href":"https:\/\/aukinkochile.com\/web\/wp-json\/wp\/v2\/product\/568285","targetHints":{"allow":["GET"]}}],"collection":[{"href":"https:\/\/aukinkochile.com\/web\/wp-json\/wp\/v2\/product"}],"about":[{"href":"https:\/\/aukinkochile.com\/web\/wp-json\/wp\/v2\/types\/product"}],"replies":[{"embeddable":true,"href":"https:\/\/aukinkochile.com\/web\/wp-json\/wp\/v2\/comments?post=568285"}],"wp:featuredmedia":[{"embeddable":true,"href":"https:\/\/aukinkochile.com\/web\/wp-json\/wp\/v2\/media\/623519"}],"wp:attachment":[{"href":"https:\/\/aukinkochile.com\/web\/wp-json\/wp\/v2\/media?parent=568285"}],"wp:term":[{"taxonomy":"product_brand","embeddable":true,"href":"https:\/\/aukinkochile.com\/web\/wp-json\/wp\/v2\/product_brand?post=568285"},{"taxonomy":"product_cat","embeddable":true,"href":"https:\/\/aukinkochile.com\/web\/wp-json\/wp\/v2\/product_cat?post=568285"},{"taxonomy":"product_tag","embeddable":true,"href":"https:\/\/aukinkochile.com\/web\/wp-json\/wp\/v2\/product_tag?post=568285"}],"curies":[{"name":"wp","href":"https:\/\/api.w.org\/{rel}","templated":true}]}}