{"id":568223,"date":"2021-09-22T04:28:36","date_gmt":"2021-09-22T04:28:36","guid":{"rendered":"https:\/\/aukinkochile.com\/web\/producto\/juego-del-arbol\/"},"modified":"2024-11-11T21:09:46","modified_gmt":"2024-11-11T21:09:46","slug":"juego-del-arbol","status":"publish","type":"product","link":"https:\/\/aukinkochile.com\/web\/producto\/juego-del-arbol\/","title":{"rendered":"Juego Educativo Del \u00c1rbol"},"content":{"rendered":"<p>Juego educativo con 3 modos de juego. Coloca todas las manzanas de tu color en el \u00e1rbol, sumando y restando. Contiene 1 tablero, 40 manzanas de madera, 1 dado de colores y 1 dado de n\u00fameros. Desarrolla la coordinaci\u00f3n mano-ojo y la asociaci\u00f3n del color e introduce el concepto de sumar y restar.<\/p>\n<p><p><strong>Material : <\/strong> Madera y Cart\u00f3n<\/p>\n<p><strong>C\u00f3digo Aukinko : <\/strong> 05-753167<\/p>\n<p><strong>C\u00f3digo Convenio Marco : <\/strong> x<\/p>\n","protected":false},"excerpt":{"rendered":"<p>Juego educativo con 3 modos de juego. Coloca todas las manzanas de tu color en el \u00e1rbol, sumando y restando. Contiene 1 tablero, 40 manzanas de madera, 1 dado de colores y 1 dado de n\u00fameros. Desarrolla la coordinaci\u00f3n mano-ojo y la asociaci\u00f3n del color e introduce el concepto de sumar y restar. Material : [&hellip;]<\/p>\n","protected":false},"featured_media":623434,"comment_status":"open","ping_status":"closed","template":"","meta":{"_et_pb_use_builder":"","_et_pb_old_content":"","_et_gb_content_width":""},"product_brand":[],"product_cat":[149],"product_tag":[],"class_list":{"0":"post-568223","1":"product","2":"type-product","3":"status-publish","4":"has-post-thumbnail","6":"product_cat-juegos-de-mesa","7":"pa_edad-3-a-4-anos","8":"pa_edad-4-a-5-anos","9":"pa_edad-5-a-6-anos","10":"pa_marca-diset","11":"pa_medidas-4394","12":"pa_medidas-3-x-20-cm","13":"pa_medidas-5-x-5","15":"first","16":"instock","17":"shipping-taxable","18":"purchasable","19":"product-type-simple"},"aioseo_notices":[],"_links":{"self":[{"href":"https:\/\/aukinkochile.com\/web\/wp-json\/wp\/v2\/product\/568223","targetHints":{"allow":["GET"]}}],"collection":[{"href":"https:\/\/aukinkochile.com\/web\/wp-json\/wp\/v2\/product"}],"about":[{"href":"https:\/\/aukinkochile.com\/web\/wp-json\/wp\/v2\/types\/product"}],"replies":[{"embeddable":true,"href":"https:\/\/aukinkochile.com\/web\/wp-json\/wp\/v2\/comments?post=568223"}],"wp:featuredmedia":[{"embeddable":true,"href":"https:\/\/aukinkochile.com\/web\/wp-json\/wp\/v2\/media\/623434"}],"wp:attachment":[{"href":"https:\/\/aukinkochile.com\/web\/wp-json\/wp\/v2\/media?parent=568223"}],"wp:term":[{"taxonomy":"product_brand","embeddable":true,"href":"https:\/\/aukinkochile.com\/web\/wp-json\/wp\/v2\/product_brand?post=568223"},{"taxonomy":"product_cat","embeddable":true,"href":"https:\/\/aukinkochile.com\/web\/wp-json\/wp\/v2\/product_cat?post=568223"},{"taxonomy":"product_tag","embeddable":true,"href":"https:\/\/aukinkochile.com\/web\/wp-json\/wp\/v2\/product_tag?post=568223"}],"curies":[{"name":"wp","href":"https:\/\/api.w.org\/{rel}","templated":true}]}}