{"id":568213,"date":"2021-09-22T04:28:35","date_gmt":"2021-09-22T04:28:35","guid":{"rendered":"https:\/\/aukinkochile.com\/web\/producto\/puzle-madera-tarugo-pinguinos-posiciones\/"},"modified":"2024-11-11T21:09:38","modified_gmt":"2024-11-11T21:09:38","slug":"puzle-madera-tarugo-pinguinos-posiciones","status":"publish","type":"product","link":"https:\/\/aukinkochile.com\/web\/producto\/puzle-madera-tarugo-pinguinos-posiciones\/","title":{"rendered":"Puzle Madera Tarugo 8 pz Ping\u00fcinos Posiciones"},"content":{"rendered":"<p>8 piezas  (9 x 6 aprox. cada pieza) de ping\u00fcinos con tarugos de madera para aprender los distintos atributos, arriba, abajo, delante, detr\u00e1s, etc., con este divertido Puzle de madera con tarugos. <\/p>\n<p><p><strong>Material : <\/strong> Madera<\/p>\n<p><strong>C\u00f3digo Aukinko : <\/strong> 05-753056<\/p>\n<p><strong>C\u00f3digo Convenio Marco : <\/strong> x<\/p>\n","protected":false},"excerpt":{"rendered":"<p>8 piezas (9 x 6 aprox. cada pieza) de ping\u00fcinos con tarugos de madera para aprender los distintos atributos, arriba, abajo, delante, detr\u00e1s, etc., con este divertido Puzle de madera con tarugos. Material : Madera C\u00f3digo Aukinko : 05-753056 C\u00f3digo Convenio Marco : x<\/p>\n","protected":false},"featured_media":623423,"comment_status":"open","ping_status":"closed","template":"","meta":{"_et_pb_use_builder":"","_et_pb_old_content":"","_et_gb_content_width":""},"product_brand":[],"product_cat":[20,22],"product_tag":[],"class_list":{"0":"post-568213","1":"product","2":"type-product","3":"status-publish","4":"has-post-thumbnail","6":"product_cat-motricidad-fina","7":"product_cat-puzzles","8":"pa_edad-2-a-3-anos","9":"pa_edad-3-a-4-anos","10":"pa_edad-4-a-5-anos","11":"pa_marca-diset","12":"pa_medidas-28-x-28-x-2","13":"pa_medidas-5-cm","15":"first","16":"instock","17":"shipping-taxable","18":"purchasable","19":"product-type-simple"},"aioseo_notices":[],"_links":{"self":[{"href":"https:\/\/aukinkochile.com\/web\/wp-json\/wp\/v2\/product\/568213","targetHints":{"allow":["GET"]}}],"collection":[{"href":"https:\/\/aukinkochile.com\/web\/wp-json\/wp\/v2\/product"}],"about":[{"href":"https:\/\/aukinkochile.com\/web\/wp-json\/wp\/v2\/types\/product"}],"replies":[{"embeddable":true,"href":"https:\/\/aukinkochile.com\/web\/wp-json\/wp\/v2\/comments?post=568213"}],"wp:featuredmedia":[{"embeddable":true,"href":"https:\/\/aukinkochile.com\/web\/wp-json\/wp\/v2\/media\/623423"}],"wp:attachment":[{"href":"https:\/\/aukinkochile.com\/web\/wp-json\/wp\/v2\/media?parent=568213"}],"wp:term":[{"taxonomy":"product_brand","embeddable":true,"href":"https:\/\/aukinkochile.com\/web\/wp-json\/wp\/v2\/product_brand?post=568213"},{"taxonomy":"product_cat","embeddable":true,"href":"https:\/\/aukinkochile.com\/web\/wp-json\/wp\/v2\/product_cat?post=568213"},{"taxonomy":"product_tag","embeddable":true,"href":"https:\/\/aukinkochile.com\/web\/wp-json\/wp\/v2\/product_tag?post=568213"}],"curies":[{"name":"wp","href":"https:\/\/api.w.org\/{rel}","templated":true}]}}