{"id":568201,"date":"2021-09-22T04:28:33","date_gmt":"2021-09-22T04:28:33","guid":{"rendered":"https:\/\/aukinkochile.com\/web\/producto\/silla-bebe-jungla\/"},"modified":"2024-11-11T21:09:33","modified_gmt":"2024-11-11T21:09:33","slug":"silla-bebe-jungla","status":"publish","type":"product","link":"https:\/\/aukinkochile.com\/web\/producto\/silla-bebe-jungla\/","title":{"rendered":"Silla Bebe Jungla"},"content":{"rendered":"<p>Viaja con tus mu\u00f1ecas en el auto con el portabeb\u00e9s. Con un precioso estampado de jungla. Asa reclinable, incluye babero. Ideal para mu\u00f1ecas de 30 a 42 cm.<\/p>\n<p><p><strong>Material : <\/strong> Genero y Pl\u00e1stico<\/p>\n<p><strong>C\u00f3digo Aukinko : <\/strong> 05-752045<\/p>\n<p><strong>C\u00f3digo Convenio Marco : <\/strong> x<\/p>\n","protected":false},"excerpt":{"rendered":"<p>Viaja con tus mu\u00f1ecas en el auto con el portabeb\u00e9s. Con un precioso estampado de jungla. Asa reclinable, incluye babero. Ideal para mu\u00f1ecas de 30 a 42 cm. Material : Genero y Pl\u00e1stico C\u00f3digo Aukinko : 05-752045 C\u00f3digo Convenio Marco : x<\/p>\n","protected":false},"featured_media":623418,"comment_status":"open","ping_status":"closed","template":"","meta":{"_et_pb_use_builder":"","_et_pb_old_content":"","_et_gb_content_width":""},"product_brand":[],"product_cat":[17],"product_tag":[],"class_list":{"0":"post-568201","1":"product","2":"type-product","3":"status-publish","4":"has-post-thumbnail","6":"product_cat-juegos-de-rol","7":"pa_edad-2-a-3-anos","8":"pa_edad-3-a-4-anos","9":"pa_edad-4-a-5-anos","10":"pa_edad-5-a-6-anos","11":"pa_marca-diset","12":"pa_medidas-42-x-25-x-34-cm","14":"first","15":"instock","16":"shipping-taxable","17":"purchasable","18":"product-type-simple"},"aioseo_notices":[],"_links":{"self":[{"href":"https:\/\/aukinkochile.com\/web\/wp-json\/wp\/v2\/product\/568201","targetHints":{"allow":["GET"]}}],"collection":[{"href":"https:\/\/aukinkochile.com\/web\/wp-json\/wp\/v2\/product"}],"about":[{"href":"https:\/\/aukinkochile.com\/web\/wp-json\/wp\/v2\/types\/product"}],"replies":[{"embeddable":true,"href":"https:\/\/aukinkochile.com\/web\/wp-json\/wp\/v2\/comments?post=568201"}],"wp:featuredmedia":[{"embeddable":true,"href":"https:\/\/aukinkochile.com\/web\/wp-json\/wp\/v2\/media\/623418"}],"wp:attachment":[{"href":"https:\/\/aukinkochile.com\/web\/wp-json\/wp\/v2\/media?parent=568201"}],"wp:term":[{"taxonomy":"product_brand","embeddable":true,"href":"https:\/\/aukinkochile.com\/web\/wp-json\/wp\/v2\/product_brand?post=568201"},{"taxonomy":"product_cat","embeddable":true,"href":"https:\/\/aukinkochile.com\/web\/wp-json\/wp\/v2\/product_cat?post=568201"},{"taxonomy":"product_tag","embeddable":true,"href":"https:\/\/aukinkochile.com\/web\/wp-json\/wp\/v2\/product_tag?post=568201"}],"curies":[{"name":"wp","href":"https:\/\/api.w.org\/{rel}","templated":true}]}}