{"id":568181,"date":"2021-09-22T04:28:30","date_gmt":"2021-09-22T04:28:30","guid":{"rendered":"https:\/\/aukinkochile.com\/web\/producto\/juego-aprendo-en-positivo-los-animales\/"},"modified":"2024-11-11T21:09:23","modified_gmt":"2024-11-11T21:09:23","slug":"juego-aprendo-en-positivo-los-animales","status":"publish","type":"product","link":"https:\/\/aukinkochile.com\/web\/producto\/juego-aprendo-en-positivo-los-animales\/","title":{"rendered":"Juego Aprendo Positivo los Animales"},"content":{"rendered":"<p>Este divertido juego ofrece a los ni\u00f1os de entre 3 y 7 a\u00f1os material manipulativo que les ayudar\u00e1 a descubrir el mundo de los animales. Con este material, los ni\u00f1os podr\u00e1n descubrir los animales del mundo, identificar sus nombres en may\u00fascula y min\u00fascula, aprender sus caracter\u00edsticas, clasificar los distintos animales en sus h\u00e1bitats y continentes, y clasificar los animales por familias. Una l\u00ednea de juegos basada en pedagog\u00edas alternativas, aprendiendo de manera positiva, jugando a su ritmo y pas\u00e1ndolo muy bien. Contiene 80 fichas de animales a doble cara de 6 cm aprox, 4 fichas de clasificaci\u00f3n (mam\u00edferos, aves, peces y reptiles) 6 cm aprox, 6 l\u00e1minas a doble cara de h\u00e1bitats y continentes 12 cm aprox, 7 etiquetas de continentes 5 cm largo x 1 cm ancho, ruleta de los continentes 14 cm de di\u00e1metro, p\u00f3ster a doble cara con el mapa del mundo 40 cm aprox. y gu\u00eda.<\/p>\n<p><p><strong>Material : <\/strong> Cart\u00f3n Grueso y Pl\u00e1stico<\/p>\n<p><strong>C\u00f3digo Aukinko : <\/strong> 05-741204<\/p>\n<p><strong>C\u00f3digo Convenio Marco : <\/strong> x<\/p>\n","protected":false},"excerpt":{"rendered":"<p>Este divertido juego ofrece a los ni\u00f1os de entre 3 y 7 a\u00f1os material manipulativo que les ayudar\u00e1 a descubrir el mundo de los animales. Con este material, los ni\u00f1os podr\u00e1n descubrir los animales del mundo, identificar sus nombres en may\u00fascula y min\u00fascula, aprender sus caracter\u00edsticas, clasificar los distintos animales en sus h\u00e1bitats y continentes, [&hellip;]<\/p>\n","protected":false},"featured_media":623405,"comment_status":"open","ping_status":"closed","template":"","meta":{"_et_pb_use_builder":"","_et_pb_old_content":"","_et_gb_content_width":""},"product_brand":[],"product_cat":[91,150,149,151],"product_tag":[],"class_list":{"0":"post-568181","1":"product","2":"type-product","3":"status-publish","4":"has-post-thumbnail","6":"product_cat-accesorios-sala","7":"product_cat-asociacion-y-logica","8":"product_cat-juegos-de-mesa","9":"product_cat-lenguaje","10":"pa_edad-3-a-4-anos","11":"pa_edad-4-a-5-anos","12":"pa_edad-5-a-6-anos","13":"pa_edad-6-a-8-anos","14":"pa_marca-diset","15":"pa_medidas-28-x-20-x-5-cm","17":"first","18":"instock","19":"shipping-taxable","20":"purchasable","21":"product-type-simple"},"aioseo_notices":[],"_links":{"self":[{"href":"https:\/\/aukinkochile.com\/web\/wp-json\/wp\/v2\/product\/568181","targetHints":{"allow":["GET"]}}],"collection":[{"href":"https:\/\/aukinkochile.com\/web\/wp-json\/wp\/v2\/product"}],"about":[{"href":"https:\/\/aukinkochile.com\/web\/wp-json\/wp\/v2\/types\/product"}],"replies":[{"embeddable":true,"href":"https:\/\/aukinkochile.com\/web\/wp-json\/wp\/v2\/comments?post=568181"}],"wp:featuredmedia":[{"embeddable":true,"href":"https:\/\/aukinkochile.com\/web\/wp-json\/wp\/v2\/media\/623405"}],"wp:attachment":[{"href":"https:\/\/aukinkochile.com\/web\/wp-json\/wp\/v2\/media?parent=568181"}],"wp:term":[{"taxonomy":"product_brand","embeddable":true,"href":"https:\/\/aukinkochile.com\/web\/wp-json\/wp\/v2\/product_brand?post=568181"},{"taxonomy":"product_cat","embeddable":true,"href":"https:\/\/aukinkochile.com\/web\/wp-json\/wp\/v2\/product_cat?post=568181"},{"taxonomy":"product_tag","embeddable":true,"href":"https:\/\/aukinkochile.com\/web\/wp-json\/wp\/v2\/product_tag?post=568181"}],"curies":[{"name":"wp","href":"https:\/\/api.w.org\/{rel}","templated":true}]}}