{"id":568157,"date":"2021-09-22T04:28:25","date_gmt":"2021-09-22T04:28:25","guid":{"rendered":"https:\/\/aukinkochile.com\/web\/producto\/deporte-tabla-nieve-grande-c-u\/"},"modified":"2024-11-11T21:21:00","modified_gmt":"2024-11-11T21:21:00","slug":"deporte-tabla-nieve-grande-c-u","status":"publish","type":"product","link":"https:\/\/aukinkochile.com\/web\/producto\/deporte-tabla-nieve-grande-c-u\/","title":{"rendered":"Tabla Nieve Mediana c\/u"},"content":{"rendered":"<p>Tabla de pl\u00e1stico resistente para deslizarse en la nieve. Con cuerda para afirmarse. De gran calidad. 2 colores a elecci\u00f3n. Verde o rojo.<\/p>\n<p><p><strong>Material : <\/strong> Pl\u00e1stico<\/p>\n<p><strong>C\u00f3digo Aukinko : <\/strong> 05-555971<\/p>\n<p><strong>C\u00f3digo Convenio Marco : <\/strong> x<\/p>\n","protected":false},"excerpt":{"rendered":"<p>Tabla de pl\u00e1stico resistente para deslizarse en la nieve. Con cuerda para afirmarse. De gran calidad. 2 colores a elecci\u00f3n. Verde o rojo. Material : Pl\u00e1stico C\u00f3digo Aukinko : 05-555971 C\u00f3digo Convenio Marco : x<\/p>\n","protected":false},"featured_media":623396,"comment_status":"open","ping_status":"closed","template":"","meta":{"_et_pb_use_builder":"","_et_pb_old_content":"","_et_gb_content_width":""},"product_brand":[],"product_cat":[1005,148,18],"product_tag":[],"class_list":{"0":"post-568157","1":"product","2":"type-product","3":"status-publish","4":"has-post-thumbnail","6":"product_cat-accesorios-patio","7":"product_cat-deportes","8":"product_cat-motricidad-gruesa","9":"pa_edad-10-anos","10":"pa_edad-2-a-3-anos","11":"pa_edad-3-a-4-anos","12":"pa_edad-4-a-5-anos","13":"pa_edad-5-a-6-anos","14":"pa_edad-6-a-8-anos","15":"pa_edad-8-a-10-anos","16":"pa_marca-gowi","17":"pa_medidas-4364","18":"pa_medidas-5-x-28","19":"pa_medidas-5-x-9-cm","21":"first","22":"instock","23":"shipping-taxable","24":"purchasable","25":"product-type-simple"},"aioseo_notices":[],"_links":{"self":[{"href":"https:\/\/aukinkochile.com\/web\/wp-json\/wp\/v2\/product\/568157","targetHints":{"allow":["GET"]}}],"collection":[{"href":"https:\/\/aukinkochile.com\/web\/wp-json\/wp\/v2\/product"}],"about":[{"href":"https:\/\/aukinkochile.com\/web\/wp-json\/wp\/v2\/types\/product"}],"replies":[{"embeddable":true,"href":"https:\/\/aukinkochile.com\/web\/wp-json\/wp\/v2\/comments?post=568157"}],"wp:featuredmedia":[{"embeddable":true,"href":"https:\/\/aukinkochile.com\/web\/wp-json\/wp\/v2\/media\/623396"}],"wp:attachment":[{"href":"https:\/\/aukinkochile.com\/web\/wp-json\/wp\/v2\/media?parent=568157"}],"wp:term":[{"taxonomy":"product_brand","embeddable":true,"href":"https:\/\/aukinkochile.com\/web\/wp-json\/wp\/v2\/product_brand?post=568157"},{"taxonomy":"product_cat","embeddable":true,"href":"https:\/\/aukinkochile.com\/web\/wp-json\/wp\/v2\/product_cat?post=568157"},{"taxonomy":"product_tag","embeddable":true,"href":"https:\/\/aukinkochile.com\/web\/wp-json\/wp\/v2\/product_tag?post=568157"}],"curies":[{"name":"wp","href":"https:\/\/api.w.org\/{rel}","templated":true}]}}