{"id":568125,"date":"2021-09-22T04:28:21","date_gmt":"2021-09-22T04:28:21","guid":{"rendered":"https:\/\/aukinkochile.com\/web\/producto\/ciencia-linterna\/"},"modified":"2024-11-11T21:20:42","modified_gmt":"2024-11-11T21:20:42","slug":"ciencia-linterna","status":"publish","type":"product","link":"https:\/\/aukinkochile.com\/web\/producto\/ciencia-linterna\/","title":{"rendered":"Linterna Led"},"content":{"rendered":"<p>Linterna LED de moderno dise\u00f1o para ni\u00f1os. Incluye base. Necesita 3 pilas AAA, no incluidas.<\/p>\n<p><p><strong>Material : <\/strong> Pl\u00e1stico<\/p>\n<p><strong>C\u00f3digo Aukinko : <\/strong> 05-555605<\/p>\n<p><strong>C\u00f3digo Convenio Marco : <\/strong> x<\/p>\n","protected":false},"excerpt":{"rendered":"<p>Linterna LED de moderno dise\u00f1o para ni\u00f1os. Incluye base. Necesita 3 pilas AAA, no incluidas. Material : Pl\u00e1stico C\u00f3digo Aukinko : 05-555605 C\u00f3digo Convenio Marco : x<\/p>\n","protected":false},"featured_media":623368,"comment_status":"open","ping_status":"closed","template":"","meta":{"_et_pb_use_builder":"","_et_pb_old_content":"","_et_gb_content_width":""},"product_brand":[],"product_cat":[92],"product_tag":[],"class_list":{"0":"post-568125","1":"product","2":"type-product","3":"status-publish","4":"has-post-thumbnail","6":"product_cat-ciencias","7":"pa_edad-10-anos","8":"pa_edad-3-a-4-anos","9":"pa_edad-4-a-5-anos","10":"pa_edad-5-a-6-anos","11":"pa_edad-6-a-8-anos","12":"pa_edad-8-a-10-anos","13":"pa_marca-gowi","14":"pa_medidas-4314","15":"pa_medidas-5-cm","16":"pa_medidas-5-x-5-x-3","18":"first","19":"instock","20":"shipping-taxable","21":"purchasable","22":"product-type-simple"},"aioseo_notices":[],"_links":{"self":[{"href":"https:\/\/aukinkochile.com\/web\/wp-json\/wp\/v2\/product\/568125","targetHints":{"allow":["GET"]}}],"collection":[{"href":"https:\/\/aukinkochile.com\/web\/wp-json\/wp\/v2\/product"}],"about":[{"href":"https:\/\/aukinkochile.com\/web\/wp-json\/wp\/v2\/types\/product"}],"replies":[{"embeddable":true,"href":"https:\/\/aukinkochile.com\/web\/wp-json\/wp\/v2\/comments?post=568125"}],"wp:featuredmedia":[{"embeddable":true,"href":"https:\/\/aukinkochile.com\/web\/wp-json\/wp\/v2\/media\/623368"}],"wp:attachment":[{"href":"https:\/\/aukinkochile.com\/web\/wp-json\/wp\/v2\/media?parent=568125"}],"wp:term":[{"taxonomy":"product_brand","embeddable":true,"href":"https:\/\/aukinkochile.com\/web\/wp-json\/wp\/v2\/product_brand?post=568125"},{"taxonomy":"product_cat","embeddable":true,"href":"https:\/\/aukinkochile.com\/web\/wp-json\/wp\/v2\/product_cat?post=568125"},{"taxonomy":"product_tag","embeddable":true,"href":"https:\/\/aukinkochile.com\/web\/wp-json\/wp\/v2\/product_tag?post=568125"}],"curies":[{"name":"wp","href":"https:\/\/api.w.org\/{rel}","templated":true}]}}