{"id":568119,"date":"2021-09-22T04:28:19","date_gmt":"2021-09-22T04:28:19","guid":{"rendered":"https:\/\/aukinkochile.com\/web\/producto\/comida-reposteria-y-panera-set-13-pz\/"},"modified":"2024-11-11T21:20:40","modified_gmt":"2024-11-11T21:20:40","slug":"comida-reposteria-y-panera-set-13-pz","status":"publish","type":"product","link":"https:\/\/aukinkochile.com\/web\/producto\/comida-reposteria-y-panera-set-13-pz\/","title":{"rendered":"Comida Reposter\u00eda y Panera set 13 pz"},"content":{"rendered":"<p>Set de 12 elementos de reposter\u00eda diferentes en una panera de mimbre artesanal. El set contiene 1 media luna, 1 pan de molde, 1 pan mini baguette, 2 mitades de pan de hamburguesa, 1 helado, 1 galleta, 1 galleton, 1 l\u00e1mina de queso, 2 rodajas de tomate, 1 kuchen. De tama\u00f1o adecuado para la mano del ni\u00f1o, de colores vistosos y gran detalle imitando el modelo real. Galleta 7,3 cm de di\u00e1metro. Pan de molde 6 x 7 x 1,5 cm.<\/p>\n<p><p><strong>Material : <\/strong> Pl\u00e1stico y Mimbre<\/p>\n<p><strong>C\u00f3digo Aukinko : <\/strong> 05-5456055<\/p>\n<p><strong>C\u00f3digo Convenio Marco : <\/strong> x<\/p>\n","protected":false},"excerpt":{"rendered":"<p>Set de 12 elementos de reposter\u00eda diferentes en una panera de mimbre artesanal. El set contiene 1 media luna, 1 pan de molde, 1 pan mini baguette, 2 mitades de pan de hamburguesa, 1 helado, 1 galleta, 1 galleton, 1 l\u00e1mina de queso, 2 rodajas de tomate, 1 kuchen. De tama\u00f1o adecuado para la mano [&hellip;]<\/p>\n","protected":false},"featured_media":623364,"comment_status":"open","ping_status":"closed","template":"","meta":{"_et_pb_use_builder":"","_et_pb_old_content":"","_et_gb_content_width":""},"product_brand":[],"product_cat":[91,17],"product_tag":[],"class_list":{"0":"post-568119","1":"product","2":"type-product","3":"status-publish","4":"has-post-thumbnail","6":"product_cat-accesorios-sala","7":"product_cat-juegos-de-rol","8":"pa_edad-2-a-3-anos","9":"pa_edad-3-a-4-anos","10":"pa_edad-4-a-5-anos","11":"pa_edad-5-a-6-anos","12":"pa_edad-6-a-8-anos","13":"pa_marca-gowi","14":"pa_medidas-canasto-22-x-16-x-5-cm-aprox","16":"first","17":"instock","18":"shipping-taxable","19":"purchasable","20":"product-type-simple"},"aioseo_notices":[],"_links":{"self":[{"href":"https:\/\/aukinkochile.com\/web\/wp-json\/wp\/v2\/product\/568119","targetHints":{"allow":["GET"]}}],"collection":[{"href":"https:\/\/aukinkochile.com\/web\/wp-json\/wp\/v2\/product"}],"about":[{"href":"https:\/\/aukinkochile.com\/web\/wp-json\/wp\/v2\/types\/product"}],"replies":[{"embeddable":true,"href":"https:\/\/aukinkochile.com\/web\/wp-json\/wp\/v2\/comments?post=568119"}],"wp:featuredmedia":[{"embeddable":true,"href":"https:\/\/aukinkochile.com\/web\/wp-json\/wp\/v2\/media\/623364"}],"wp:attachment":[{"href":"https:\/\/aukinkochile.com\/web\/wp-json\/wp\/v2\/media?parent=568119"}],"wp:term":[{"taxonomy":"product_brand","embeddable":true,"href":"https:\/\/aukinkochile.com\/web\/wp-json\/wp\/v2\/product_brand?post=568119"},{"taxonomy":"product_cat","embeddable":true,"href":"https:\/\/aukinkochile.com\/web\/wp-json\/wp\/v2\/product_cat?post=568119"},{"taxonomy":"product_tag","embeddable":true,"href":"https:\/\/aukinkochile.com\/web\/wp-json\/wp\/v2\/product_tag?post=568119"}],"curies":[{"name":"wp","href":"https:\/\/api.w.org\/{rel}","templated":true}]}}