{"id":568113,"date":"2021-09-22T04:28:18","date_gmt":"2021-09-22T04:28:18","guid":{"rendered":"https:\/\/aukinkochile.com\/web\/producto\/pizarra-magnetica-dibujo\/"},"modified":"2026-03-27T17:02:26","modified_gmt":"2026-03-27T17:02:26","slug":"pizarra-magnetica-dibujo","status":"publish","type":"product","link":"https:\/\/aukinkochile.com\/web\/producto\/pizarra-magnetica-dibujo\/","title":{"rendered":"Pizarra Magn\u00e9tica Dibujo"},"content":{"rendered":"<p>Es simple y sorprendente. Simplemente con el l\u00e1piz de dibujo, pasar por sobre la superficie deseada y la pluma traer\u00e1 las bolitas a la superficie. Puedes sacar las bolas presion\u00e1ndolas hacia abajo con el dedo. Incluye 20 tarjetas originales.<\/p>\n<p><p><strong>Material : <\/strong> Pl\u00e1stico e Im\u00e1n<\/p>\n<p><strong>C\u00f3digo Aukinko : <\/strong> 05-545564<\/p>\n<p><strong>C\u00f3digo Convenio Marco : <\/strong> x<\/p>\n","protected":false},"excerpt":{"rendered":"<p>Es simple y sorprendente. Simplemente con el l\u00e1piz de dibujo, pasar por sobre la superficie deseada y la pluma traer\u00e1 las bolitas a la superficie. Puedes sacar las bolas presion\u00e1ndolas hacia abajo con el dedo. Incluye 20 tarjetas originales. Material : Pl\u00e1stico e Im\u00e1n C\u00f3digo Aukinko : 05-545564 C\u00f3digo Convenio Marco : x<\/p>\n","protected":false},"featured_media":623360,"comment_status":"open","ping_status":"closed","template":"","meta":{"_et_pb_use_builder":"","_et_pb_old_content":"","_et_gb_content_width":""},"product_brand":[],"product_cat":[21],"product_tag":[],"class_list":{"0":"post-568113","1":"product","2":"type-product","3":"status-publish","4":"has-post-thumbnail","6":"product_cat-arte-y-manipulacion","7":"pa_edad-2-a-3-anos","8":"pa_edad-3-a-4-anos","9":"pa_edad-4-a-5-anos","10":"pa_edad-5-a-6-anos","11":"pa_edad-6-a-8-anos","12":"pa_marca-gowi","13":"pa_medidas-4336","14":"pa_medidas-5-cm","15":"pa_medidas-5-x-1","16":"pa_medidas-5-x-25","18":"first","19":"instock","20":"shipping-taxable","21":"purchasable","22":"product-type-simple"},"aioseo_notices":[],"_links":{"self":[{"href":"https:\/\/aukinkochile.com\/web\/wp-json\/wp\/v2\/product\/568113","targetHints":{"allow":["GET"]}}],"collection":[{"href":"https:\/\/aukinkochile.com\/web\/wp-json\/wp\/v2\/product"}],"about":[{"href":"https:\/\/aukinkochile.com\/web\/wp-json\/wp\/v2\/types\/product"}],"replies":[{"embeddable":true,"href":"https:\/\/aukinkochile.com\/web\/wp-json\/wp\/v2\/comments?post=568113"}],"wp:featuredmedia":[{"embeddable":true,"href":"https:\/\/aukinkochile.com\/web\/wp-json\/wp\/v2\/media\/623360"}],"wp:attachment":[{"href":"https:\/\/aukinkochile.com\/web\/wp-json\/wp\/v2\/media?parent=568113"}],"wp:term":[{"taxonomy":"product_brand","embeddable":true,"href":"https:\/\/aukinkochile.com\/web\/wp-json\/wp\/v2\/product_brand?post=568113"},{"taxonomy":"product_cat","embeddable":true,"href":"https:\/\/aukinkochile.com\/web\/wp-json\/wp\/v2\/product_cat?post=568113"},{"taxonomy":"product_tag","embeddable":true,"href":"https:\/\/aukinkochile.com\/web\/wp-json\/wp\/v2\/product_tag?post=568113"}],"curies":[{"name":"wp","href":"https:\/\/api.w.org\/{rel}","templated":true}]}}