{"id":568013,"date":"2021-09-22T04:28:02","date_gmt":"2021-09-22T04:28:02","guid":{"rendered":"https:\/\/aukinkochile.com\/web\/producto\/cometa-xero-loop\/"},"modified":"2023-10-20T16:00:37","modified_gmt":"2023-10-20T16:00:37","slug":"cometa-xero-loop","status":"publish","type":"product","link":"https:\/\/aukinkochile.com\/web\/producto\/cometa-xero-loop\/","title":{"rendered":"Cometa Xero Loop"},"content":{"rendered":"<p>Desarrolladas con la ayuda de voladores de cometas profesionales, estas cometas est\u00e1n dise\u00f1adas espec\u00edficamente para realizar bucles, curvas e ingeniosas nuevas maniobras de vuelo. Con materiales de alta calidad se realizan estos cometas acrob\u00e1ticos: ca\u00f1as de fibra de vidrio resistente, velas de poli\u00e9ster resistente al desgarro y l\u00edneas de alta calidad en bobinas, todo ello embalado en pr\u00e1cticas bolsas de poli\u00e9ster. Cometa de acrobacias din\u00e1mica fabricada con poli\u00e9ster ripstop de alta calidad. Con una pr\u00e1ctica bolsa de almacenamiento e instrucciones de vuelo. Para viajeros avanzados. Alcance: 160 cm.<\/p>\n<p><p><strong>Material : <\/strong> POLIESTER<\/p>\n<p><strong>C\u00f3digo Aukinko : <\/strong> 05-1081<\/p>\n<p><strong>C\u00f3digo Convenio Marco : <\/strong> <\/p>\n","protected":false},"excerpt":{"rendered":"<p>Desarrolladas con la ayuda de voladores de cometas profesionales, estas cometas est\u00e1n dise\u00f1adas espec\u00edficamente para realizar bucles, curvas e ingeniosas nuevas maniobras de vuelo. Con materiales de alta calidad se realizan estos cometas acrob\u00e1ticos: ca\u00f1as de fibra de vidrio resistente, velas de poli\u00e9ster resistente al desgarro y l\u00edneas de alta calidad en bobinas, todo ello [&hellip;]<\/p>\n","protected":false},"featured_media":623310,"comment_status":"open","ping_status":"closed","template":"","meta":{"_et_pb_use_builder":"","_et_pb_old_content":"","_et_gb_content_width":""},"product_brand":[],"product_cat":[1005,18],"product_tag":[],"class_list":{"0":"post-568013","1":"product","2":"type-product","3":"status-publish","4":"has-post-thumbnail","6":"product_cat-accesorios-patio","7":"product_cat-motricidad-gruesa","8":"pa_edad-10-anos","9":"pa_edad-8-a-10-anos","10":"pa_marca-gunther","11":"pa_medidas-160-x-80-cm","13":"first","14":"instock","15":"shipping-taxable","16":"purchasable","17":"product-type-simple"},"aioseo_notices":[],"_links":{"self":[{"href":"https:\/\/aukinkochile.com\/web\/wp-json\/wp\/v2\/product\/568013","targetHints":{"allow":["GET"]}}],"collection":[{"href":"https:\/\/aukinkochile.com\/web\/wp-json\/wp\/v2\/product"}],"about":[{"href":"https:\/\/aukinkochile.com\/web\/wp-json\/wp\/v2\/types\/product"}],"replies":[{"embeddable":true,"href":"https:\/\/aukinkochile.com\/web\/wp-json\/wp\/v2\/comments?post=568013"}],"wp:featuredmedia":[{"embeddable":true,"href":"https:\/\/aukinkochile.com\/web\/wp-json\/wp\/v2\/media\/623310"}],"wp:attachment":[{"href":"https:\/\/aukinkochile.com\/web\/wp-json\/wp\/v2\/media?parent=568013"}],"wp:term":[{"taxonomy":"product_brand","embeddable":true,"href":"https:\/\/aukinkochile.com\/web\/wp-json\/wp\/v2\/product_brand?post=568013"},{"taxonomy":"product_cat","embeddable":true,"href":"https:\/\/aukinkochile.com\/web\/wp-json\/wp\/v2\/product_cat?post=568013"},{"taxonomy":"product_tag","embeddable":true,"href":"https:\/\/aukinkochile.com\/web\/wp-json\/wp\/v2\/product_tag?post=568013"}],"curies":[{"name":"wp","href":"https:\/\/api.w.org\/{rel}","templated":true}]}}