{"id":529069,"date":"2020-08-22T08:39:28","date_gmt":"2020-08-22T08:39:28","guid":{"rendered":"https:\/\/aukinkochile.com\/web\/?page_id=529069"},"modified":"2022-04-11T02:50:58","modified_gmt":"2022-04-11T02:50:58","slug":"nosotros","status":"publish","type":"page","link":"https:\/\/aukinkochile.com\/web\/nosotros\/","title":{"rendered":"Nosotros"},"content":{"rendered":"<p>[et_pb_section fb_built=\u00bb1&#8243; _builder_version=\u00bb4.16&#8243; _module_preset=\u00bbdefault\u00bb custom_padding=\u00bb0px|||||\u00bb global_colors_info=\u00bb{}\u00bb][et_pb_row _builder_version=\u00bb4.16&#8243; _module_preset=\u00bbdefault\u00bb global_colors_info=\u00bb{}\u00bb][et_pb_column type=\u00bb4_4&#8243; _builder_version=\u00bb4.16&#8243; _module_preset=\u00bbdefault\u00bb global_colors_info=\u00bb{}\u00bb][et_pb_text _builder_version=\u00bb4.17.0&#8243; _module_preset=\u00bbdefault\u00bb text_font=\u00bb|300|||||||\u00bb text_text_color=\u00bb#000000&#8243; text_font_size=\u00bb18px\u00bb text_letter_spacing=\u00bb1px\u00bb text_orientation=\u00bbjustified\u00bb hover_enabled=\u00bb0&#8243; global_colors_info=\u00bb{}\u00bb sticky_enabled=\u00bb0&#8243;]<\/p>\n<p>Aukinko y Jugueter\u00edas Cuncuna, es una compa\u00f1\u00eda importadora y distribuidora de juguetes y juegos did\u00e1cticos que inici\u00f3 sus operaciones en el a\u00f1o 1979.<\/p>\n<p>Su objetivo ha sido satisfacer la necesidad del mercado chileno de acceso a juguetes importados de alta calidad.<\/p>\n<p>Las l\u00edneas de productos han sido cuidadosamente evaluadas en visitas regulares a ferias mundiales de juguetes, con la filosof\u00eda de que un buen juguete de buena calidad, junto con la creatividad de juego que puede producir, es muy importante para el desarrollo sensorial del ni\u00f1o.<\/p>\n<p>Importadora y distribuidora Aukinko Limitada\u00a0<br \/>Representante legal: Berta Goldsmith<br \/><span>Luis Pasteur 5495, Vitacura, Regi\u00f3n Metropolitana<\/span><\/p>\n<p>[\/et_pb_text][\/et_pb_column][\/et_pb_row][\/et_pb_section]<\/p>\n","protected":false},"excerpt":{"rendered":"<p>Aukinko y Jugueter\u00edas Cuncuna, es una compa\u00f1\u00eda importadora y distribuidora de juguetes y juegos did\u00e1cticos que inici\u00f3 sus operaciones en el a\u00f1o 1979. Su objetivo ha sido satisfacer la necesidad del mercado chileno de acceso a juguetes importados de alta calidad. Las l\u00edneas de productos han sido cuidadosamente evaluadas en visitas regulares a ferias mundiales [&hellip;]<\/p>\n","protected":false},"author":1,"featured_media":0,"parent":0,"menu_order":0,"comment_status":"closed","ping_status":"closed","template":"","meta":{"_et_pb_use_builder":"on","_et_pb_old_content":"","_et_gb_content_width":"","footnotes":""},"class_list":["post-529069","page","type-page","status-publish","hentry"],"aioseo_notices":[],"_links":{"self":[{"href":"https:\/\/aukinkochile.com\/web\/wp-json\/wp\/v2\/pages\/529069","targetHints":{"allow":["GET"]}}],"collection":[{"href":"https:\/\/aukinkochile.com\/web\/wp-json\/wp\/v2\/pages"}],"about":[{"href":"https:\/\/aukinkochile.com\/web\/wp-json\/wp\/v2\/types\/page"}],"author":[{"embeddable":true,"href":"https:\/\/aukinkochile.com\/web\/wp-json\/wp\/v2\/users\/1"}],"replies":[{"embeddable":true,"href":"https:\/\/aukinkochile.com\/web\/wp-json\/wp\/v2\/comments?post=529069"}],"version-history":[{"count":7,"href":"https:\/\/aukinkochile.com\/web\/wp-json\/wp\/v2\/pages\/529069\/revisions"}],"predecessor-version":[{"id":581789,"href":"https:\/\/aukinkochile.com\/web\/wp-json\/wp\/v2\/pages\/529069\/revisions\/581789"}],"wp:attachment":[{"href":"https:\/\/aukinkochile.com\/web\/wp-json\/wp\/v2\/media?parent=529069"}],"curies":[{"name":"wp","href":"https:\/\/api.w.org\/{rel}","templated":true}]}}