{"id":3,"date":"2020-08-22T04:01:57","date_gmt":"2020-08-22T04:01:57","guid":{"rendered":"https:\/\/aukinkochile.com\/web\/?page_id=3"},"modified":"2022-04-19T14:16:36","modified_gmt":"2022-04-19T14:16:36","slug":"privacy-policy","status":"publish","type":"page","link":"https:\/\/aukinkochile.com\/web\/privacy-policy\/","title":{"rendered":"Privacy Policy"},"content":{"rendered":"<p>[et_pb_section fb_built=\u00bb1&#8243; admin_label=\u00bbsection\u00bb _builder_version=\u00bb4.16&#8243; global_colors_info=\u00bb{}\u00bb][et_pb_row _builder_version=\u00bb4.16&#8243; _module_preset=\u00bbdefault\u00bb global_colors_info=\u00bb{}\u00bb][et_pb_column type=\u00bb4_4&#8243; _builder_version=\u00bb4.16&#8243; _module_preset=\u00bbdefault\u00bb global_colors_info=\u00bb{}\u00bb][et_pb_text _builder_version=\u00bb4.16&#8243; _module_preset=\u00bbdefault\u00bb header_2_text_align=\u00bbjustify\u00bb header_2_text_color=\u00bb#008000&#8243; header_2_font_size=\u00bb23px\u00bb header_2_letter_spacing=\u00bb1px\u00bb header_2_line_height=\u00bb1.4em\u00bb global_colors_info=\u00bb{}\u00bb]<\/p>\n<h2>Este documento establece las bases sobre las que los datos personales que usted nos proporcione, ser\u00e1 procesada por nosotros. Por favor, lea con cuidado. S\u00f3lo utilizamos la informaci\u00f3n que recopilamos sobre usted con cuidado, legalmente y de acuerdo a la ley.<\/h2>\n<p>[\/et_pb_text][\/et_pb_column][\/et_pb_row][et_pb_row column_structure=\u00bb1_3,1_3,1_3&#8243; use_custom_gutter=\u00bbon\u00bb gutter_width=\u00bb2&#8243; _builder_version=\u00bb4.16&#8243; _module_preset=\u00bbdefault\u00bb max_width=\u00bb2560px\u00bb global_colors_info=\u00bb{}\u00bb][et_pb_column type=\u00bb1_3&#8243; _builder_version=\u00bb4.16&#8243; _module_preset=\u00bbdefault\u00bb global_colors_info=\u00bb{}\u00bb][et_pb_text _builder_version=\u00bb4.16&#8243; _module_preset=\u00bbdefault\u00bb header_3_text_color=\u00bb#008000&#8243; global_colors_info=\u00bb{}\u00bb]<\/p>\n<h3>Podemos recopilar y procesar los siguientes datos sobre usted:<\/h3>\n<ul>\n<li>Si usted ha comprado o cotizado con nosotros, su nombre, direcci\u00f3n, n\u00famero de tel\u00e9fono, direcci\u00f3n de correo electr\u00f3nico, tarjeta de cr\u00e9dito, direcci\u00f3n de entrega para sus \u00f3rdenes y la informaci\u00f3n de contrase\u00f1a asociada a su cuenta, as\u00ed como los detalles de la selecci\u00f3n de productos.<\/li>\n<li>Si usted ha solicitado un cat\u00e1logo o particip\u00f3 en un concurso, su nombre, direcci\u00f3n, n\u00famero de tel\u00e9fono y direcci\u00f3n de correo electr\u00f3nico.<\/li>\n<li>Si ha solicitado recibir nuestros boletines por correo electr\u00f3nico, su nombre, direcci\u00f3n, n\u00famero de tel\u00e9fono y direcci\u00f3n de correo electr\u00f3nico solamente.<\/li>\n<li>Cuando usted est\u00e1 en el Internet (por ejemplo, la URL que viene y la forma en que usted navega por el sitio, y los recursos de los que se tiene acceso.)<\/li>\n<li>Si usted nos contacta, podemos mantener un registro de esa correspondencia.<\/li>\n<\/ul>\n<p>[\/et_pb_text][\/et_pb_column][et_pb_column type=\u00bb1_3&#8243; _builder_version=\u00bb4.16&#8243; _module_preset=\u00bbdefault\u00bb global_colors_info=\u00bb{}\u00bb][et_pb_text _builder_version=\u00bb4.17.1&#8243; _module_preset=\u00bbdefault\u00bb header_3_text_color=\u00bb#008000&#8243; hover_enabled=\u00bb0&#8243; global_colors_info=\u00bb{}\u00bb sticky_enabled=\u00bb0&#8243;]<\/p>\n<h3>Utilizamos la informaci\u00f3n que tenemos sobre usted de las siguientes maneras:<\/h3>\n<ul>\n<li>Para fines operativos, como por ejemplo el procesamiento de su pedido, atenci\u00f3n de consultas, el seguimiento de entregas, revisar compras anteriores.<\/li>\n<li>Para adaptar nuestra gama de productos e informaci\u00f3n de marketing (por ejemplo, las promociones y ofertas especiales) para sus necesidades.<\/li>\n<li>Para mejorar la experiencia del cliente.<\/li>\n<li>Para mantenerse al d\u00eda con Aukinko, por ejemplo enviando nuevos cat\u00e1logos y enviarle mensajes de correo electr\u00f3nico, seg\u00fan corresponda.<\/li>\n<li>En el caso de las llamadas y correos electr\u00f3nicos, a los efectos del control de calidad y la formaci\u00f3n.<\/li>\n<\/ul>\n<h3>Medidas de seguridad existentes<\/h3>\n<p>Contamos con medidas de seguridad para asegurar la confidencialidad de la informaci\u00f3n tales como un certificado SSL emitido y firmado por Sectigo RSA Domain Validation Secure Server, as\u00ed mismo con un software antivirus provisto por terceros (clamav) que analiza y detecta amenazas en el file system de nuestros servidores.<\/p>\n<p>[\/et_pb_text][\/et_pb_column][et_pb_column type=\u00bb1_3&#8243; _builder_version=\u00bb4.16&#8243; _module_preset=\u00bbdefault\u00bb global_colors_info=\u00bb{}\u00bb][et_pb_text _builder_version=\u00bb4.17.0&#8243; _module_preset=\u00bbdefault\u00bb header_3_text_color=\u00bb#008000&#8243; global_colors_info=\u00bb{}\u00bb]<\/p>\n<h3>Podemos revelar su informaci\u00f3n personal a terceros:<\/h3>\n<ul>\n<li>En el caso de que vendamos o compremos cualquier negocio o activo, en cuyo caso podemos revelar sus datos personales al potencial comprador o vendedor de dicho negocio o activos.<\/li>\n<li>Si Aukinko o sustancialmente todos sus activos sean adquiridos por un tercero, en cuyo caso los datos personales obran en su poder sobre sus clientes ser\u00e1 uno de los activos transferidos.<\/li>\n<li>Si estamos bajo la obligaci\u00f3n de revelar o compartir sus datos personales con el fin de cumplir con cualquier obligaci\u00f3n legal, o para hacer cumplir o aplicar nuestros T\u00e9rminos y Condiciones del Sitio y otros acuerdos, o para proteger los derechos, propiedad o seguridad de Aukinko, nuestros clientes u otros. Esto incluye intercambiar informaci\u00f3n con otras compa\u00f1\u00edas y organizaciones a los efectos de protecci\u00f3n contra el fraude y la reducci\u00f3n del riesgo de cr\u00e9dito.<\/li>\n<li>Es posible contactarse por cualquiera de los medios publicados en la web para realizar la modificaci\u00f3n, rectificaci\u00f3n o cancelaci\u00f3n de datos personales almacenados en el sitio.<\/li>\n<li>El Responsable del tratamiento de los datos es el se\u00f1or \u00c1lvaro Osorio quien vela por cumplir con las pol\u00edticas de seguridad establecidas por el software utilizado por Aukinko para realizar ventas por internet, tanto el responsable del tratamiento de los datos como Aukinko no se hace responsable por vulneraciones en la seguridad de uno o m\u00e1s componentes en caso de p\u00e9rdida o filtrado de informaci\u00f3n siempre y cuando se cumplan con las medidas se seguridad establecidas por el software.<\/li>\n<\/ul>\n<p>[\/et_pb_text][\/et_pb_column][\/et_pb_row][\/et_pb_section]<\/p>\n","protected":false},"excerpt":{"rendered":"<p>Este documento establece las bases sobre las que los datos personales que usted nos proporcione, ser\u00e1 procesada por nosotros. Por favor, lea con cuidado. S\u00f3lo utilizamos la informaci\u00f3n que recopilamos sobre usted con cuidado, legalmente y de acuerdo a la ley.Podemos recopilar y procesar los siguientes datos sobre usted: Si usted ha comprado o cotizado [&hellip;]<\/p>\n","protected":false},"author":1,"featured_media":0,"parent":0,"menu_order":0,"comment_status":"closed","ping_status":"open","template":"","meta":{"_et_pb_use_builder":"on","_et_pb_old_content":"<!-- wp:heading --><h2>Who we are<\/h2><!-- \/wp:heading --><!-- wp:paragraph --><p>Our website address is: https:\/\/aukinkochile.com\/web.<\/p><!-- \/wp:paragraph --><!-- wp:heading --><h2>What personal data we collect and why we collect it<\/h2><!-- \/wp:heading --><!-- wp:heading {\"level\":3} --><h3>Comments<\/h3><!-- \/wp:heading --><!-- wp:paragraph --><p>When visitors leave comments on the site we collect the data shown in the comments form, and also the visitor&#8217;s IP address and browser user agent string to help spam detection.<\/p><!-- \/wp:paragraph --><!-- wp:paragraph --><p>An anonymized string created from your email address (also called a hash) may be provided to the Gravatar service to see if you are using it. The Gravatar service privacy policy is available here: https:\/\/automattic.com\/privacy\/. After approval of your comment, your profile picture is visible to the public in the context of your comment.<\/p><!-- \/wp:paragraph --><!-- wp:heading {\"level\":3} --><h3>Media<\/h3><!-- \/wp:heading --><!-- wp:paragraph --><p>If you upload images to the website, you should avoid uploading images with embedded location data (EXIF GPS) included. Visitors to the website can download and extract any location data from images on the website.<\/p><!-- \/wp:paragraph --><!-- wp:heading {\"level\":3} --><h3>Contact forms<\/h3><!-- \/wp:heading --><!-- wp:heading {\"level\":3} --><h3>Cookies<\/h3><!-- \/wp:heading --><!-- wp:paragraph --><p>If you leave a comment on our site you may opt-in to saving your name, email address and website in cookies. These are for your convenience so that you do not have to fill in your details again when you leave another comment. These cookies will last for one year.<\/p><!-- \/wp:paragraph --><!-- wp:paragraph --><p>If you visit our login page, we will set a temporary cookie to determine if your browser accepts cookies. This cookie contains no personal data and is discarded when you close your browser.<\/p><!-- \/wp:paragraph --><!-- wp:paragraph --><p>When you log in, we will also set up several cookies to save your login information and your screen display choices. Login cookies last for two days, and screen options cookies last for a year. If you select &quot;Remember Me&quot;, your login will persist for two weeks. If you log out of your account, the login cookies will be removed.<\/p><!-- \/wp:paragraph --><!-- wp:paragraph --><p>If you edit or publish an article, an additional cookie will be saved in your browser. This cookie includes no personal data and simply indicates the post ID of the article you just edited. It expires after 1 day.<\/p><!-- \/wp:paragraph --><!-- wp:heading {\"level\":3} --><h3>Embedded content from other websites<\/h3><!-- \/wp:heading --><!-- wp:paragraph --><p>Articles on this site may include embedded content (e.g. videos, images, articles, etc.). Embedded content from other websites behaves in the exact same way as if the visitor has visited the other website.<\/p><!-- \/wp:paragraph --><!-- wp:paragraph --><p>These websites may collect data about you, use cookies, embed additional third-party tracking, and monitor your interaction with that embedded content, including tracking your interaction with the embedded content if you have an account and are logged in to that website.<\/p><!-- \/wp:paragraph --><!-- wp:heading {\"level\":3} --><h3>Analytics<\/h3><!-- \/wp:heading --><!-- wp:heading --><h2>Who we share your data with<\/h2><!-- \/wp:heading --><!-- wp:heading --><h2>How long we retain your data<\/h2><!-- \/wp:heading --><!-- wp:paragraph --><p>If you leave a comment, the comment and its metadata are retained indefinitely. This is so we can recognize and approve any follow-up comments automatically instead of holding them in a moderation queue.<\/p><!-- \/wp:paragraph --><!-- wp:paragraph --><p>For users that register on our website (if any), we also store the personal information they provide in their user profile. All users can see, edit, or delete their personal information at any time (except they cannot change their username). Website administrators can also see and edit that information.<\/p><!-- \/wp:paragraph --><!-- wp:heading --><h2>What rights you have over your data<\/h2><!-- \/wp:heading --><!-- wp:paragraph --><p>If you have an account on this site, or have left comments, you can request to receive an exported file of the personal data we hold about you, including any data you have provided to us. You can also request that we erase any personal data we hold about you. This does not include any data we are obliged to keep for administrative, legal, or security purposes.<\/p><!-- \/wp:paragraph --><!-- wp:heading --><h2>Where we send your data<\/h2><!-- \/wp:heading --><!-- wp:paragraph --><p>Visitor comments may be checked through an automated spam detection service.<\/p><!-- \/wp:paragraph --><!-- wp:heading --><h2>Your contact information<\/h2><!-- \/wp:heading --><!-- wp:heading --><h2>Additional information<\/h2><!-- \/wp:heading --><!-- wp:heading {\"level\":3} --><h3>How we protect your data<\/h3><!-- \/wp:heading --><!-- wp:heading {\"level\":3} --><h3>What data breach procedures we have in place<\/h3><!-- \/wp:heading --><!-- wp:heading {\"level\":3} --><h3>What third parties we receive data from<\/h3><!-- \/wp:heading --><!-- wp:heading {\"level\":3} --><h3>What automated decision making and\/or profiling we do with user data<\/h3><!-- \/wp:heading --><!-- wp:heading {\"level\":3} --><h3>Industry regulatory disclosure requirements<\/h3><!-- \/wp:heading -->","_et_gb_content_width":"","footnotes":""},"class_list":["post-3","page","type-page","status-publish","hentry"],"aioseo_notices":[],"_links":{"self":[{"href":"https:\/\/aukinkochile.com\/web\/wp-json\/wp\/v2\/pages\/3","targetHints":{"allow":["GET"]}}],"collection":[{"href":"https:\/\/aukinkochile.com\/web\/wp-json\/wp\/v2\/pages"}],"about":[{"href":"https:\/\/aukinkochile.com\/web\/wp-json\/wp\/v2\/types\/page"}],"author":[{"embeddable":true,"href":"https:\/\/aukinkochile.com\/web\/wp-json\/wp\/v2\/users\/1"}],"replies":[{"embeddable":true,"href":"https:\/\/aukinkochile.com\/web\/wp-json\/wp\/v2\/comments?post=3"}],"version-history":[{"count":5,"href":"https:\/\/aukinkochile.com\/web\/wp-json\/wp\/v2\/pages\/3\/revisions"}],"predecessor-version":[{"id":582515,"href":"https:\/\/aukinkochile.com\/web\/wp-json\/wp\/v2\/pages\/3\/revisions\/582515"}],"wp:attachment":[{"href":"https:\/\/aukinkochile.com\/web\/wp-json\/wp\/v2\/media?parent=3"}],"curies":[{"name":"wp","href":"https:\/\/api.w.org\/{rel}","templated":true}]}}